{"id":3,"date":"2020-11-10T10:30:19","date_gmt":"2020-11-10T10:30:19","guid":{"rendered":"http:\/\/edificiocadenza.com\/?page_id=3"},"modified":"2021-10-05T20:34:36","modified_gmt":"2021-10-05T20:34:36","slug":"politica-privacidad","status":"publish","type":"page","link":"https:\/\/edificiocadenza.com\/en\/politica-privacidad\/","title":{"rendered":"Privacy Policy"},"content":{"rendered":"<p><\/p>\n<h3 class=\"p1\">1. Introduction<\/h3>\n<p class=\"p1\">The purpose of this personal data protection policy (the \u201cPrivacy Policy\u201d) is to inform users of the\u00a0<a href=\"http:\/\/www.arimainmo.com\/\"><span class=\"s1\">www.arimainmo.com<\/span><\/a>\u00a0website (the \u201cWebsite\u201d) about the way in which their personal data will be processed by \u00c1RIMA REAL ESTATE SOCIMI, S.A. (\u201c\u00c1RIMA\u201d).<\/p>\n<p class=\"p1\">Personal data is understood to be any information that relates to an identified or identifiable natural person and that may be used either directly or indirectly to determine the identity of that person. A person\u2019s name, telephone number or email address may be classified as personal data.<\/p>\n<p class=\"p1\">Any term that is used in this Privacy Policy and is not expressly defined herein will have the meaning attributed to it in the\u00a0<a href=\"https:\/\/edificiobotanic.com\/en\/legal-notice\/\">Legal Notice and General Terms and Conditions of Use.<\/a><\/p>\n<h3 class=\"p1\">2. Data controller<\/h3>\n<p class=\"p1\">\u00c1RIMA REAL ESTATE SOCIMI, S.A., with registered office at Edificio Torre Serrano, C\/ Serrano 47, 28001 Madrid and with Tax Code (NIF) A-88130471, is the data controller responsible for any personal data collected via the Website or generated as a result of the Website\u2019s use. \u00c1RIMA can be contacted in either of the following ways: (i) at the registered office shown above; or (ii) by email at\u00a0<a href=\"mailto:info@arimainmo.com\"><span class=\"s1\">info@arimainmo.com<\/span><\/a>.<\/p>\n<h3 class=\"p1\">3. Purpose of and legal bases for personal data processing<\/h3>\n<p class=\"p1\">Users\u2019 personal data will be processed for the purposes and on the legal bases shown in the following table:<\/p>\n<table>\n<tbody>\n<tr>\n<th>\n<p class=\"p1\">Purpose<\/p>\n<\/th>\n<th>\n<p class=\"p1\">Categories of personal data<\/p>\n<\/th>\n<th>\n<p class=\"p1\">Legal basis<\/p>\n<\/th>\n<\/tr>\n<tr>\n<td>\n<p class=\"p1\">Management of requests for contact.<\/p>\n<\/td>\n<td>\n<p class=\"p1\">Identifying data collected using the relevant forms, and other data that users provide voluntarily in these forms, where applicable.<\/p>\n<\/td>\n<td>\n<p class=\"p1\">The need to process data in order to manage contact requests and\/or supply users with any information we may be asked for.<\/p>\n<\/td>\n<\/tr>\n<tr>\n<td>\n<p class=\"p1\">Compliance with legal obligations.<\/p>\n<\/td>\n<td>\n<p class=\"p1\">Identifying data collected using the relevant forms, and other data that we may have about users, where applicable.<\/p>\n<\/td>\n<td>\n<p class=\"p1\">Compliance with legal obligations.<\/p>\n<\/td>\n<\/tr>\n<tr>\n<td>\n<p class=\"p1\">Purpose<\/p>\n<\/td>\n<td>\n<p class=\"p1\">Categories of personal data<\/p>\n<\/td>\n<td>\n<p class=\"p1\">Legal basis<\/p>\n<\/td>\n<\/tr>\n<tr>\n<td>\n<p class=\"p1\">IT Security on the Website.<\/p>\n<\/td>\n<td>\n<p class=\"p1\">Identifying data that we may have about the user, including his\/her IP address and browsing information.<\/p>\n<\/td>\n<td>\n<p class=\"p1\">\u00c1RIMA\u2019s legitimate interest in guaranteeing the security of its Website.<\/p>\n<\/td>\n<\/tr>\n<\/tbody>\n<\/table>\n<h3 class=\"p1\">4. Assignment of data and international data transfers<\/h3>\n<p class=\"p1\">Personal data may be forwarded to the competent authorities in the exercise of their duties. In the event that any of our service or IT systems providers are located outside the European Economic Area, \u00c1RIMA will adopt all the guarantees that apply under the legislation in force, in order to ensure the proper management of data and the integrity and confidentiality of those data.<\/p>\n<h3 class=\"p1\">5. Retention of personal data<\/h3>\n<p class=\"p1\">Personal data will be retained for the amount of time necessary in order to perform the necessary tasks (e.g. to manage the contact request or the request for information) or, in the event that a contractual relationship is formed with the user in question, for the period that the said relationship continues, and subsequently for the time necessary to respond to any kind of liability (e.g. until the time-barring of any liability that may arise under the regulations governing data protection issues).<\/p>\n<h3 class=\"p1\">6. Third party data<\/h3>\n<p class=\"p1\">In the event that users provide data belonging to third parties, they undertake to have obtained the prior informed consent of the third party in question (unless there is any other applicable reason that authorises the provision of such data). Consent shall be understood to be informed when the third parties in question have been informed by the user and have accepted the Legal Notice and General Terms and Conditions Governing Use of the Website and this Privacy Policy. It is the sole responsibility of the user to comply with this duty to inform and to have obtained the prior consent of third parties, and \u00c1RIMA shall not be required to take any additional action in respect of the said third parties.<\/p>\n<p class=\"p1\">Furthermore, this website may contain the data of natural persons who are members of the \u00c1RIMA team or who are mentioned in the documentation relating to the investor area. As regards the data on the \u00c1RIMA team, these are published for the purposes of: (i) introducing the \u00c1RIMA team; and (ii) offering direct contact with its members. As regards the data from the investor area, these are published in compliance with the legal obligations that apply in matters of corporate governance. As a result, the third party data mentioned above may not be used for any purpose other than those indicated unless the user is duly authorised to do so.<\/p>\n<h3>7. Cookies<\/h3>\n<p class=\"p1\">This Website uses \u201ccookies\u201d (files that are downloaded to a user\u2019s computer\/smartphone\/tablet upon accessing certain websites in order to store and retrieve information relating to the way in which the website is browsed from the device in question). All the information on the cookies used on the Website can be found at the following link:\u00a0<a href=\"https:\/\/edificiobotanic.com\/en\/cookies-policy\/\">Cookies Policy.<\/a><\/p>\n<h3 class=\"p1\">8. Data protection rights<\/h3>\n<p class=\"p1\">The owners of personal data may exercise their rights of access, correction, deletion, opposition, limitation of processing and portability, the right not to be subject to individual automated decisions and the right to withdraw the consent they have previously given, by sending a request via email to\u00a0<a href=\"mailto:info@arimainmo.com\"><span class=\"s1\">info@arimainmo.com<\/span><\/a>, or by ordinary mail to:<\/p>\n<p>info@arimainmo.com o a trave\u0301s de correo postal Edificio Torre Serrano<\/p>\n<p>C\/Serrano, 47 \u2013 4apl. 28001 Madrid<\/p>\n<p class=\"p1\">,attaching a copy of their identity document or any other official document that properly identifies them and indicating the right(s) that they wish to exercise.<\/p>\n<p class=\"p1\">Users also have the right to file a claim with the supervisory authority responsible for data protection in Spain, the Spanish Data Protection Agency (<a href=\"http:\/\/www.aepd.es\/\"><span class=\"s1\">www.aepd.es<\/span><\/a>).<\/p>\n<p class=\"p1\"><em>Latest version: September 2019<\/em><\/p>\n<p class=\"p1\"><em>\u00a9 Madrid, \u00c1RIMA REAL ESTATE SOCIMI, S.A., 2019. The complete or partial reproduction of the foregoing is prohibited. All rights reserved.<\/em><\/p>\n<p><\/p>","protected":false},"excerpt":{"rendered":"1. Introduction The purpose of this personal data protection policy (the \u201cPrivacy Policy\u201d) is to inform users of the\u00a0www.arimainmo.com\u00a0website (the \u201cWebsite\u201d) about the way in which their personal data will be processed by \u00c1RIMA REAL ESTATE SOCIMI, S.A. (\u201c\u00c1RIMA\u201d). Personal data is understood to be any information that relates to an identified or identifiable natural&#8230;","protected":false},"author":1,"featured_media":0,"parent":0,"menu_order":11,"comment_status":"closed","ping_status":"open","template":"","meta":[],"acf":[],"yoast_head":"<!-- This site is optimized with the Yoast SEO plugin v17.5 - https:\/\/yoast.com\/wordpress\/plugins\/seo\/ -->\n<meta name=\"robots\" content=\"index, follow, max-snippet:-1, max-image-preview:large, max-video-preview:-1\" \/>\n<link rel=\"canonical\" href=\"http:\/\/edificiocadenza.com\/politica-privacidad\/\" \/>\n<meta property=\"og:locale\" content=\"en_US\" \/>\n<meta property=\"og:type\" content=\"article\" \/>\n<meta property=\"og:title\" content=\"[:es]Pol\u00edtica de privacidad[:en]Privacy Policy[:] - Cadenza\" \/>\n<meta property=\"og:description\" content=\"1. Introduction The purpose of this personal data protection policy (the \u201cPrivacy Policy\u201d) is to inform users of the\u00a0www.arimainmo.com\u00a0website (the \u201cWebsite\u201d) about the way in which their personal data will be processed by \u00c1RIMA REAL ESTATE SOCIMI, S.A. (\u201c\u00c1RIMA\u201d). Personal data is understood to be any information that relates to an identified or identifiable natural...\" \/>\n<meta property=\"og:url\" content=\"http:\/\/edificiocadenza.com\/politica-privacidad\/\" \/>\n<meta property=\"og:site_name\" content=\"Cadenza\" \/>\n<meta property=\"article:modified_time\" content=\"2021-10-05T20:34:36+00:00\" \/>\n<meta name=\"twitter:card\" content=\"summary_large_image\" \/>\n<meta name=\"twitter:label1\" content=\"Est. reading time\" \/>\n\t<meta name=\"twitter:data1\" content=\"10 minutes\" \/>\n<script type=\"application\/ld+json\" class=\"yoast-schema-graph\">{\"@context\":\"https:\/\/schema.org\",\"@graph\":[{\"@type\":\"WebSite\",\"@id\":\"http:\/\/edificiocadenza.com\/#website\",\"url\":\"http:\/\/edificiocadenza.com\/\",\"name\":\"Cadenza\",\"description\":\"Building Momentum\",\"potentialAction\":[{\"@type\":\"SearchAction\",\"target\":{\"@type\":\"EntryPoint\",\"urlTemplate\":\"http:\/\/edificiocadenza.com\/?s={search_term_string}\"},\"query-input\":\"required name=search_term_string\"}],\"inLanguage\":\"en-US\"},{\"@type\":\"WebPage\",\"@id\":\"http:\/\/edificiocadenza.com\/politica-privacidad\/#webpage\",\"url\":\"http:\/\/edificiocadenza.com\/politica-privacidad\/\",\"name\":\"[:es]Pol\\u00edtica de privacidad[:en]Privacy Policy[:] - Cadenza\",\"isPartOf\":{\"@id\":\"http:\/\/edificiocadenza.com\/#website\"},\"datePublished\":\"2020-11-10T10:30:19+00:00\",\"dateModified\":\"2021-10-05T20:34:36+00:00\",\"breadcrumb\":{\"@id\":\"http:\/\/edificiocadenza.com\/politica-privacidad\/#breadcrumb\"},\"inLanguage\":\"en-US\",\"potentialAction\":[{\"@type\":\"ReadAction\",\"target\":[\"http:\/\/edificiocadenza.com\/politica-privacidad\/\"]}]},{\"@type\":\"BreadcrumbList\",\"@id\":\"http:\/\/edificiocadenza.com\/politica-privacidad\/#breadcrumb\",\"itemListElement\":[{\"@type\":\"ListItem\",\"position\":1,\"name\":\"Portada\",\"item\":\"http:\/\/edificiocadenza.com\/\"},{\"@type\":\"ListItem\",\"position\":2,\"name\":\"Pol\\u00edtica de privacidad\"}]}]}<\/script>\n<!-- \/ Yoast SEO plugin. -->","yoast_head_json":{"robots":{"index":"index","follow":"follow","max-snippet":"max-snippet:-1","max-image-preview":"max-image-preview:large","max-video-preview":"max-video-preview:-1"},"canonical":"http:\/\/edificiocadenza.com\/politica-privacidad\/","og_locale":"en_US","og_type":"article","og_title":"[:es]Pol\u00edtica de privacidad[:en]Privacy Policy[:] - Cadenza","og_description":"1. Introduction The purpose of this personal data protection policy (the \u201cPrivacy Policy\u201d) is to inform users of the\u00a0www.arimainmo.com\u00a0website (the \u201cWebsite\u201d) about the way in which their personal data will be processed by \u00c1RIMA REAL ESTATE SOCIMI, S.A. (\u201c\u00c1RIMA\u201d). Personal data is understood to be any information that relates to an identified or identifiable natural...","og_url":"http:\/\/edificiocadenza.com\/politica-privacidad\/","og_site_name":"Cadenza","article_modified_time":"2021-10-05T20:34:36+00:00","twitter_card":"summary_large_image","twitter_misc":{"Est. reading time":"10 minutes"},"schema":{"@context":"https:\/\/schema.org","@graph":[{"@type":"WebSite","@id":"http:\/\/edificiocadenza.com\/#website","url":"http:\/\/edificiocadenza.com\/","name":"Cadenza","description":"Building Momentum","potentialAction":[{"@type":"SearchAction","target":{"@type":"EntryPoint","urlTemplate":"http:\/\/edificiocadenza.com\/?s={search_term_string}"},"query-input":"required name=search_term_string"}],"inLanguage":"en-US"},{"@type":"WebPage","@id":"http:\/\/edificiocadenza.com\/politica-privacidad\/#webpage","url":"http:\/\/edificiocadenza.com\/politica-privacidad\/","name":"[:es]Pol\u00edtica de privacidad[:en]Privacy Policy[:] - Cadenza","isPartOf":{"@id":"http:\/\/edificiocadenza.com\/#website"},"datePublished":"2020-11-10T10:30:19+00:00","dateModified":"2021-10-05T20:34:36+00:00","breadcrumb":{"@id":"http:\/\/edificiocadenza.com\/politica-privacidad\/#breadcrumb"},"inLanguage":"en-US","potentialAction":[{"@type":"ReadAction","target":["http:\/\/edificiocadenza.com\/politica-privacidad\/"]}]},{"@type":"BreadcrumbList","@id":"http:\/\/edificiocadenza.com\/politica-privacidad\/#breadcrumb","itemListElement":[{"@type":"ListItem","position":1,"name":"Portada","item":"http:\/\/edificiocadenza.com\/"},{"@type":"ListItem","position":2,"name":"Pol\u00edtica de privacidad"}]}]}},"_links":{"self":[{"href":"https:\/\/edificiocadenza.com\/en\/wp-json\/wp\/v2\/pages\/3"}],"collection":[{"href":"https:\/\/edificiocadenza.com\/en\/wp-json\/wp\/v2\/pages"}],"about":[{"href":"https:\/\/edificiocadenza.com\/en\/wp-json\/wp\/v2\/types\/page"}],"author":[{"embeddable":true,"href":"https:\/\/edificiocadenza.com\/en\/wp-json\/wp\/v2\/users\/1"}],"replies":[{"embeddable":true,"href":"https:\/\/edificiocadenza.com\/en\/wp-json\/wp\/v2\/comments?post=3"}],"version-history":[{"count":3,"href":"https:\/\/edificiocadenza.com\/en\/wp-json\/wp\/v2\/pages\/3\/revisions"}],"predecessor-version":[{"id":221,"href":"https:\/\/edificiocadenza.com\/en\/wp-json\/wp\/v2\/pages\/3\/revisions\/221"}],"wp:attachment":[{"href":"https:\/\/edificiocadenza.com\/en\/wp-json\/wp\/v2\/media?parent=3"}],"curies":[{"name":"wp","href":"https:\/\/api.w.org\/{rel}","templated":true}]}}